{"id":11,"date":"2021-09-19T17:37:14","date_gmt":"2021-09-19T15:37:14","guid":{"rendered":"http:\/\/marie-talalaeff.com\/?page_id=11"},"modified":"2021-09-19T18:28:22","modified_gmt":"2021-09-19T16:28:22","slug":"lartiste-son-atelier","status":"publish","type":"page","link":"https:\/\/marie-talalaeff.com\/index.php\/lartiste-son-atelier\/","title":{"rendered":"L&rsquo;artiste &#038; son atelier"},"content":{"rendered":"<div class=\"row\"> <div class=\"col-md-6\">\n<p>Dipl\u00f4m\u00e9e de l\u2019\u00e9cole ESMOD en stylisme\/ mod\u00e9lisme Marie Talaleff travaille de nombreuses ann\u00e9es comme styliste aupr\u00e8s de diff\u00e9rentes entreprises textiles.<br \/>\nAimant la couleur et la mati\u00e8re, elle d\u00e9couvre en 2008 la plasticit\u00e9 du papier qui lui donne la libert\u00e9 de passer du plat (du textile) au volume et va dor\u00e9navant dicter son processus cr\u00e9atif.<br \/>\nSuivront des expositions qui l\u2019am\u00e8neront \u00e0 adh\u00e9rer aux <em>Ateliers d\u2019Art de France (AAF)<\/em>.<br \/>\nEn 2012, elle est\u00a0s\u00e9lectionn\u00e9e par la <em>Korean Craft and Design Foundation<\/em> et les <em>AAF<\/em> pour une r\u00e9sidence d\u2019un mois \u00e0 S\u00e9oul aupr\u00e8s d\u2019une artiste cor\u00e9enne, Sim Hwa-sook, qui travaille le papier traditionnel cor\u00e9en\u00a0: <em>le Hanji<\/em>.<br \/>\nCe s\u00e9jour en Asie va profond\u00e9ment modifier son regard sur le papier et ses propres techniques de travail.<br \/>\nSuivront d\u2019autres expositions (\u00ab\u00a0Bestial\u00a0\u00bb, Galerie Terres d\u2019Aligre, Galerie Art et Libert\u00e9, Salon d\u2019Art contemporain Mac Paris, Figuration critique..).<br \/>\n<strong>Marie Talalaeff \u00a0travaille le papier et ses \u0153uvres sont des pi\u00e8ces uniques.<br \/>\n<\/strong>Ses sujets sont toujours des animaux.<br \/>\nElle l\u2019explique par le fait qu\u2019elle a v\u00e9cu toute son enfance dans une grande maison o\u00f9 cohabitaient chiens, chats, canards d\u2019ornement, serpents, cam\u00e9l\u00e9ons et des poules de luxe.<br \/>\nCette relation amour\/haine entretenue avec tous ces animaux l\u2019a sans aucun doute marqu\u00e9e au point d\u2019en faire sa source d\u2019inspiration.<br \/>\nSon travail se d\u00e9ploie dans deux univers\u00a0:<br \/>\nUn en couleur, tr\u00e8s r\u00e9aliste, \u00e0 la limite de la taxidermie,<br \/>\nL\u2019autre, tr\u00e8s contemporain, blanc, habit\u00e9 majoritairement par des troph\u00e9es.<br \/>\nApr\u00e8s avoir imagin\u00e9 la structure avec divers mat\u00e9riaux (grillage, c\u00e2ble \u00e9lectrique, fil de fer..), elle sculpte avec du papier et de la p\u00e2te \u00e0 papier.<br \/>\nLe papier, par sa tr\u00e8s grande diversit\u00e9, lui offre des possibilit\u00e9s infinies pour cr\u00e9er.<br \/>\nEt plus particuli\u00e8rement le papier m\u00e2ch\u00e9, dont la texture tr\u00e8s mall\u00e9able autorise toutes les formes de cr\u00e9ation.<\/p>\n<\/div><div class=\"col-md-6\">\n<p>Marie Talaleff graduated from the reputed ESMOD Fashion design and Creation school in Paris and went on to work for a number of years as a creative designer for different textile companies.<br \/>\nShe especially loves colour and texture.<br \/>\nIn 2008, she discovered the plasticity of paper, giving her the freedom to move from flat (as in textile) to volume. Paper has since become her favourite material.<br \/>\nShe participated at various exhibitions that lead her to become a member of a prestigious organisation proposing French Art workshops named <em>Ateliers d\u2019Art de France (AFF)<\/em>.<br \/>\nIn 2012, she was selected by the <em>Korean Craft and Design Foundation<\/em> and <em>AAF<\/em> to go and live in Seoul for a month with the Korean artist, Sim Hwa-sook, who creates from traditional Korean paper called <em>Hanji<\/em>.<br \/>\nThis trip to Asia radically changed her view on paper and on her own work techniques.<br \/>\nOther exhibitions then followed, such as \u201c<em>Bestial<\/em>\u201d, Galerie Terres d\u2019Aligre, \u201c<em>lorsque le papier fait un carton\u201d<\/em> Galerie Art et Libert\u00e9, Salon d\u2019Art contemporain Mac Paris, Figuration Critique au Bastille Center de Paris etc.<br \/>\n<strong>Marie Talalaeff creates from paper and her works are unique.<br \/>\n<\/strong>Her subjects are always animals.<br \/>\nShe explains this by the fact that as a child, she lived in a large house where dogs, cats, ornamental ducks, snakes, chameleons and fancy hens cohabited.<br \/>\nThe love\/hate relationship she had with all these animals most certainly had a strong effect on her to the point of making them her source of inspiration.<br \/>\nHer work falls into 2 categories :<br \/>\n&#8211; In colour: very realistic, bordering on taxidermy,<br \/>\n-In white: very modern, generally displayed like a trophy.<br \/>\nShe creates the base structure using different materials, such as wire netting and electric cable and then sculpts with paper and paper pulp.<br \/>\nThe huge diversity of paper provides her with endless possibilities to create, especially papier-m\u00e2ch\u00e9, whose very mouldable texture enables her to create any shape or form<\/p>\n<\/div><\/div>\n<div id=\"kad-wp-gallery64\" class=\"kad-wp-gallery kad-light-wp-gallery clearfix kt-gallery-column-4 rowtight\"><div class=\"tcol-lg-3 tcol-md-3 tcol-sm-4 tcol-xs-6 tcol-ss-12 g_item\"><div class=\"grid_item kad_gallery_fade_in gallery_item\"><a href=\"https:\/\/marie-talalaeff.com\/wp-content\/uploads\/2021\/09\/portrait-MTALALAEFF014_Gilles-Leimdorfer_BD-.jpg\" data-rel=\"lightbox\" class=\"lightboxhover\"><img loading=\"lazy\" decoding=\"async\" src=\"https:\/\/marie-talalaeff.com\/wp-content\/uploads\/2021\/09\/portrait-MTALALAEFF014_Gilles-Leimdorfer_BD--300x300.jpg\" width=\"300\" height=\"300\" alt=\"\" srcset=\"https:\/\/marie-talalaeff.com\/wp-content\/uploads\/2021\/09\/portrait-MTALALAEFF014_Gilles-Leimdorfer_BD--300x300.jpg 300w, https:\/\/marie-talalaeff.com\/wp-content\/uploads\/2021\/09\/portrait-MTALALAEFF014_Gilles-Leimdorfer_BD--150x150.jpg 150w, https:\/\/marie-talalaeff.com\/wp-content\/uploads\/2021\/09\/portrait-MTALALAEFF014_Gilles-Leimdorfer_BD-.jpg 567w\" sizes=\"auto, (max-width: 300px) 100vw, 300px\" class=\"light-dropshaddow\"\/><\/a><\/div><\/div><div class=\"tcol-lg-3 tcol-md-3 tcol-sm-4 tcol-xs-6 tcol-ss-12 g_item\"><div class=\"grid_item kad_gallery_fade_in gallery_item\"><a href=\"https:\/\/marie-talalaeff.com\/wp-content\/uploads\/2021\/09\/Ambiance-atelier_Marie-talalaeff_BD_10.jpeg\" data-rel=\"lightbox\" class=\"lightboxhover\"><img loading=\"lazy\" decoding=\"async\" src=\"https:\/\/marie-talalaeff.com\/wp-content\/uploads\/2021\/09\/Ambiance-atelier_Marie-talalaeff_BD_10-300x300.jpeg\" width=\"300\" height=\"300\" alt=\"\" srcset=\"https:\/\/marie-talalaeff.com\/wp-content\/uploads\/2021\/09\/Ambiance-atelier_Marie-talalaeff_BD_10-300x300.jpeg 300w, https:\/\/marie-talalaeff.com\/wp-content\/uploads\/2021\/09\/Ambiance-atelier_Marie-talalaeff_BD_10-150x150.jpeg 150w, https:\/\/marie-talalaeff.com\/wp-content\/uploads\/2021\/09\/Ambiance-atelier_Marie-talalaeff_BD_10-600x600.jpeg 600w\" sizes=\"auto, (max-width: 300px) 100vw, 300px\" class=\"light-dropshaddow\"\/><\/a><\/div><\/div><div class=\"tcol-lg-3 tcol-md-3 tcol-sm-4 tcol-xs-6 tcol-ss-12 g_item\"><div class=\"grid_item kad_gallery_fade_in gallery_item\"><a href=\"https:\/\/marie-talalaeff.com\/wp-content\/uploads\/2021\/09\/Ambiance-atelier_Marie-talalaeff_BD_06.jpeg\" data-rel=\"lightbox\" class=\"lightboxhover\"><img loading=\"lazy\" decoding=\"async\" src=\"https:\/\/marie-talalaeff.com\/wp-content\/uploads\/2021\/09\/Ambiance-atelier_Marie-talalaeff_BD_06-300x300.jpeg\" width=\"300\" height=\"300\" alt=\"\" srcset=\"https:\/\/marie-talalaeff.com\/wp-content\/uploads\/2021\/09\/Ambiance-atelier_Marie-talalaeff_BD_06-300x300.jpeg 300w, https:\/\/marie-talalaeff.com\/wp-content\/uploads\/2021\/09\/Ambiance-atelier_Marie-talalaeff_BD_06-150x150.jpeg 150w, https:\/\/marie-talalaeff.com\/wp-content\/uploads\/2021\/09\/Ambiance-atelier_Marie-talalaeff_BD_06-600x600.jpeg 600w\" sizes=\"auto, (max-width: 300px) 100vw, 300px\" class=\"light-dropshaddow\"\/><\/a><\/div><\/div><div class=\"tcol-lg-3 tcol-md-3 tcol-sm-4 tcol-xs-6 tcol-ss-12 g_item\"><div class=\"grid_item kad_gallery_fade_in gallery_item\"><a href=\"https:\/\/marie-talalaeff.com\/wp-content\/uploads\/2021\/09\/Ambiance-atelier_Marie-talalaeff_BD_03.jpeg\" data-rel=\"lightbox\" class=\"lightboxhover\"><img loading=\"lazy\" decoding=\"async\" src=\"https:\/\/marie-talalaeff.com\/wp-content\/uploads\/2021\/09\/Ambiance-atelier_Marie-talalaeff_BD_03-300x300.jpeg\" width=\"300\" height=\"300\" alt=\"\" srcset=\"https:\/\/marie-talalaeff.com\/wp-content\/uploads\/2021\/09\/Ambiance-atelier_Marie-talalaeff_BD_03-300x300.jpeg 300w, https:\/\/marie-talalaeff.com\/wp-content\/uploads\/2021\/09\/Ambiance-atelier_Marie-talalaeff_BD_03-150x150.jpeg 150w, https:\/\/marie-talalaeff.com\/wp-content\/uploads\/2021\/09\/Ambiance-atelier_Marie-talalaeff_BD_03-600x600.jpeg 600w\" sizes=\"auto, (max-width: 300px) 100vw, 300px\" class=\"light-dropshaddow\"\/><\/a><\/div><\/div><\/div>\n<p>\u00a9Photos: Gilles Leimdorfer\/\u00a0Thierry Kubisiak<\/p>\n","protected":false},"excerpt":{"rendered":"<p>\u00a9Photos: Gilles Leimdorfer\/\u00a0Thierry Kubisiak<\/p>\n","protected":false},"author":1,"featured_media":0,"parent":0,"menu_order":0,"comment_status":"closed","ping_status":"closed","template":"","meta":{"kt_blocks_editor_width":"","footnotes":""},"class_list":["post-11","page","type-page","status-publish","hentry"],"yoast_head":"<!-- This site is optimized with the Yoast SEO plugin v24.6 - https:\/\/yoast.com\/wordpress\/plugins\/seo\/ -->\n<title>L&#039;artiste &amp; son atelier - Marie Talalaeff<\/title>\n<meta name=\"robots\" content=\"index, follow, max-snippet:-1, max-image-preview:large, max-video-preview:-1\" \/>\n<link rel=\"canonical\" href=\"https:\/\/marie-talalaeff.com\/index.php\/lartiste-son-atelier\/\" \/>\n<meta property=\"og:locale\" content=\"fr_FR\" \/>\n<meta property=\"og:type\" content=\"article\" \/>\n<meta property=\"og:title\" content=\"L&#039;artiste &amp; son atelier - Marie Talalaeff\" \/>\n<meta property=\"og:description\" content=\"\u00a9Photos: Gilles Leimdorfer\/\u00a0Thierry Kubisiak\" \/>\n<meta property=\"og:url\" content=\"https:\/\/marie-talalaeff.com\/index.php\/lartiste-son-atelier\/\" \/>\n<meta property=\"og:site_name\" content=\"Marie Talalaeff\" \/>\n<meta property=\"article:modified_time\" content=\"2021-09-19T16:28:22+00:00\" \/>\n<meta property=\"og:image\" content=\"https:\/\/marie-talalaeff.com\/wp-content\/uploads\/2021\/09\/portrait-MTALALAEFF014_Gilles-Leimdorfer_BD--300x300.jpg\" \/>\n<meta name=\"twitter:card\" content=\"summary_large_image\" \/>\n<meta name=\"twitter:label1\" content=\"Dur\u00e9e de lecture estim\u00e9e\" \/>\n\t<meta name=\"twitter:data1\" content=\"3 minutes\" \/>\n<script type=\"application\/ld+json\" class=\"yoast-schema-graph\">{\"@context\":\"https:\/\/schema.org\",\"@graph\":[{\"@type\":\"WebPage\",\"@id\":\"https:\/\/marie-talalaeff.com\/index.php\/lartiste-son-atelier\/\",\"url\":\"https:\/\/marie-talalaeff.com\/index.php\/lartiste-son-atelier\/\",\"name\":\"L'artiste & son atelier - Marie Talalaeff\",\"isPartOf\":{\"@id\":\"https:\/\/marie-talalaeff.com\/#website\"},\"datePublished\":\"2021-09-19T15:37:14+00:00\",\"dateModified\":\"2021-09-19T16:28:22+00:00\",\"breadcrumb\":{\"@id\":\"https:\/\/marie-talalaeff.com\/index.php\/lartiste-son-atelier\/#breadcrumb\"},\"inLanguage\":\"fr-FR\",\"potentialAction\":[{\"@type\":\"ReadAction\",\"target\":[\"https:\/\/marie-talalaeff.com\/index.php\/lartiste-son-atelier\/\"]}]},{\"@type\":\"BreadcrumbList\",\"@id\":\"https:\/\/marie-talalaeff.com\/index.php\/lartiste-son-atelier\/#breadcrumb\",\"itemListElement\":[{\"@type\":\"ListItem\",\"position\":1,\"name\":\"Accueil\",\"item\":\"https:\/\/marie-talalaeff.com\/\"},{\"@type\":\"ListItem\",\"position\":2,\"name\":\"L&rsquo;artiste &#038; son atelier\"}]},{\"@type\":\"WebSite\",\"@id\":\"https:\/\/marie-talalaeff.com\/#website\",\"url\":\"https:\/\/marie-talalaeff.com\/\",\"name\":\"Marie Talalaeff\",\"description\":\"Sculptures de Papier\",\"potentialAction\":[{\"@type\":\"SearchAction\",\"target\":{\"@type\":\"EntryPoint\",\"urlTemplate\":\"https:\/\/marie-talalaeff.com\/?s={search_term_string}\"},\"query-input\":{\"@type\":\"PropertyValueSpecification\",\"valueRequired\":true,\"valueName\":\"search_term_string\"}}],\"inLanguage\":\"fr-FR\"}]}<\/script>\n<!-- \/ Yoast SEO plugin. -->","yoast_head_json":{"title":"L'artiste & son atelier - Marie Talalaeff","robots":{"index":"index","follow":"follow","max-snippet":"max-snippet:-1","max-image-preview":"max-image-preview:large","max-video-preview":"max-video-preview:-1"},"canonical":"https:\/\/marie-talalaeff.com\/index.php\/lartiste-son-atelier\/","og_locale":"fr_FR","og_type":"article","og_title":"L'artiste & son atelier - Marie Talalaeff","og_description":"\u00a9Photos: Gilles Leimdorfer\/\u00a0Thierry Kubisiak","og_url":"https:\/\/marie-talalaeff.com\/index.php\/lartiste-son-atelier\/","og_site_name":"Marie Talalaeff","article_modified_time":"2021-09-19T16:28:22+00:00","og_image":[{"url":"https:\/\/marie-talalaeff.com\/wp-content\/uploads\/2021\/09\/portrait-MTALALAEFF014_Gilles-Leimdorfer_BD--300x300.jpg","type":"","width":"","height":""}],"twitter_card":"summary_large_image","twitter_misc":{"Dur\u00e9e de lecture estim\u00e9e":"3 minutes"},"schema":{"@context":"https:\/\/schema.org","@graph":[{"@type":"WebPage","@id":"https:\/\/marie-talalaeff.com\/index.php\/lartiste-son-atelier\/","url":"https:\/\/marie-talalaeff.com\/index.php\/lartiste-son-atelier\/","name":"L'artiste & son atelier - Marie Talalaeff","isPartOf":{"@id":"https:\/\/marie-talalaeff.com\/#website"},"datePublished":"2021-09-19T15:37:14+00:00","dateModified":"2021-09-19T16:28:22+00:00","breadcrumb":{"@id":"https:\/\/marie-talalaeff.com\/index.php\/lartiste-son-atelier\/#breadcrumb"},"inLanguage":"fr-FR","potentialAction":[{"@type":"ReadAction","target":["https:\/\/marie-talalaeff.com\/index.php\/lartiste-son-atelier\/"]}]},{"@type":"BreadcrumbList","@id":"https:\/\/marie-talalaeff.com\/index.php\/lartiste-son-atelier\/#breadcrumb","itemListElement":[{"@type":"ListItem","position":1,"name":"Accueil","item":"https:\/\/marie-talalaeff.com\/"},{"@type":"ListItem","position":2,"name":"L&rsquo;artiste &#038; son atelier"}]},{"@type":"WebSite","@id":"https:\/\/marie-talalaeff.com\/#website","url":"https:\/\/marie-talalaeff.com\/","name":"Marie Talalaeff","description":"Sculptures de Papier","potentialAction":[{"@type":"SearchAction","target":{"@type":"EntryPoint","urlTemplate":"https:\/\/marie-talalaeff.com\/?s={search_term_string}"},"query-input":{"@type":"PropertyValueSpecification","valueRequired":true,"valueName":"search_term_string"}}],"inLanguage":"fr-FR"}]}},"_links":{"self":[{"href":"https:\/\/marie-talalaeff.com\/index.php\/wp-json\/wp\/v2\/pages\/11","targetHints":{"allow":["GET"]}}],"collection":[{"href":"https:\/\/marie-talalaeff.com\/index.php\/wp-json\/wp\/v2\/pages"}],"about":[{"href":"https:\/\/marie-talalaeff.com\/index.php\/wp-json\/wp\/v2\/types\/page"}],"author":[{"embeddable":true,"href":"https:\/\/marie-talalaeff.com\/index.php\/wp-json\/wp\/v2\/users\/1"}],"replies":[{"embeddable":true,"href":"https:\/\/marie-talalaeff.com\/index.php\/wp-json\/wp\/v2\/comments?post=11"}],"version-history":[{"count":2,"href":"https:\/\/marie-talalaeff.com\/index.php\/wp-json\/wp\/v2\/pages\/11\/revisions"}],"predecessor-version":[{"id":74,"href":"https:\/\/marie-talalaeff.com\/index.php\/wp-json\/wp\/v2\/pages\/11\/revisions\/74"}],"wp:attachment":[{"href":"https:\/\/marie-talalaeff.com\/index.php\/wp-json\/wp\/v2\/media?parent=11"}],"curies":[{"name":"wp","href":"https:\/\/api.w.org\/{rel}","templated":true}]}}